{"id":643,"date":"2017-01-02T08:28:52","date_gmt":"2017-01-02T08:28:52","guid":{"rendered":"https:\/\/demo.themegrill.com\/flash-default-2\/?page_id=5"},"modified":"2024-02-04T20:17:22","modified_gmt":"2024-02-04T20:17:22","slug":"home","status":"publish","type":"page","link":"https:\/\/www.dogantraktor.com\/","title":{"rendered":"Home"},"content":{"rendered":"<div id=\"pl-643\"  class=\"panel-layout\" ><div id=\"pg-643-0\"  class=\"panel-grid panel-has-style\" ><div class=\"siteorigin-panels-stretch panel-row-style panel-row-style-for-643-0\" data-stretch-type=\"full-width-stretch\" ><div id=\"pgc-643-0-0\"  class=\"panel-grid-cell\" ><div id=\"panel-643-0-0-0\" class=\"so-panel widget widget_themegrill_flash_slider tg-section tg-slider-widget panel-first-child panel-last-child\" data-index=\"0\" ><div class=\"tg-slider-widget slider-light slider-content-center slider-control-center full-width\">\n\t<div class=\"swiper-container\">\n\t\t<div class=\"swiper-wrapper\">\n\t\t\t\n\t\t\t\t\t<div class=\"swiper-slide\">\n\t\t\t\t\t\t<figure class=\"slider-image\" >\n\t\t\t\t\t\t\t<img width=\"1500\" height=\"562\"\t\t\t\t\t\t\t\t\tsrc=\"https:\/\/www.dogantraktor.com\/wp-content\/uploads\/2024\/02\/cropped-Massey-Ferguson_John-Deer_Same_Deutz_Fendt_2.jpg\"\n\t\t\t\t\t\t\t\t\talt=\"\"\n\t\t\t\t\t\t\t\t\ttitle=\"\"\/>\n\t\t\t\t\t\t\t<div class=\"overlay\"><\/div>\n\t\t\t\t\t\t<\/figure>\n\t\t\t\t\t\t<div class=\"slider-content\">\n\t\t\t\t\t\t\t<div class=\"tg-container\">\n\t\t\t\t\t\t\t\t<div class=\"caption-title\"><\/div>\n\t\t\t\t\t\t\t\t<div class=\"caption-desc\"><\/div>\n\t\t\t\t\t\t\t\t\t\t\t\t\t\t\t<\/div>\n\t\t\t\t\t\t<\/div>\n\t\t\t\t\t<\/div>\n\n\t\t\t\t\n\t\t\t\t\t<div class=\"swiper-slide\">\n\t\t\t\t\t\t<figure class=\"slider-image\" >\n\t\t\t\t\t\t\t<img width=\"1600\" height=\"600\"\t\t\t\t\t\t\t\t\tsrc=\"https:\/\/www.dogantraktor.com\/wp-content\/uploads\/2024\/02\/Massey-Ferguson_John-Deer_Same_Deutz_Fendt_1.jpg\"\n\t\t\t\t\t\t\t\t\talt=\"\"\n\t\t\t\t\t\t\t\t\ttitle=\"\"\/>\n\t\t\t\t\t\t\t<div class=\"overlay\"><\/div>\n\t\t\t\t\t\t<\/figure>\n\t\t\t\t\t\t<div class=\"slider-content\">\n\t\t\t\t\t\t\t<div class=\"tg-container\">\n\t\t\t\t\t\t\t\t<div class=\"caption-title\"><\/div>\n\t\t\t\t\t\t\t\t<div class=\"caption-desc\"><\/div>\n\t\t\t\t\t\t\t\t\t\t\t\t\t\t\t<\/div>\n\t\t\t\t\t\t<\/div>\n\t\t\t\t\t<\/div>\n\n\t\t\t\t\t\t<\/div>\n\t\t<div class=\"swiper-pagination\"><\/div>\n\t\t<div class=\"slider-arrow\">\n\t\t\t<div class=\"swiper-button-next\"><\/div>\n\t\t\t<div class=\"swiper-button-prev\"><\/div>\n\t\t<\/div>\n\t<\/div>\n<\/div>\n<\/div><\/div><\/div><\/div><div id=\"pg-643-1\"  class=\"panel-grid panel-has-style\" ><div class=\"panel-row-style panel-row-style-for-643-1\" ><div id=\"pgc-643-1-0\"  class=\"panel-grid-cell\" ><div id=\"panel-643-1-0-0\" class=\"so-panel widget widget_themegrill_flash_service tg-widget tg-single-service panel-first-child\" data-index=\"1\" >\n<div class=\"tg-service-widget tg-service-layout-2\">\n\t<div class=\"service-wrapper\">\n\t\t<div class=\"service-icon-title-wrapper clearfix\">\n\t\t\t\t\t\t<div class=\"service-icon-wrap\"><i class=\"fa fa-angle-double-right\"><\/i><\/div>\n\t\t\t\t\t\t\t\t\t\t\t\t<h3 class=\"service-title-wrap\">\n\t\t\t\t\t\t\t\t<a href=\"#\">\n\t\t\t\tMassey Ferguson\t\t\t\t\t\t\t\t<\/a>\n\t\t\t\t\t\t\t<\/h3>\n\t\t\t\t\t<\/div>\n\t\t\t\t<div class=\"service-content-wrap\">Massey Ferguson Trakt\u00f6r par\u00e7alar\u0131<\/div>\n\t\t\t\t\t\t<a class=\"service-more\" href=\"#\">READ MORE<\/a>\n\t\t\t<\/div>\n<\/div>\n<\/div><div id=\"panel-643-1-0-1\" class=\"so-panel widget widget_themegrill_flash_service tg-widget tg-single-service panel-last-child\" data-index=\"2\" >\n<div class=\"tg-service-widget tg-service-layout-2\">\n\t<div class=\"service-wrapper\">\n\t\t<div class=\"service-icon-title-wrapper clearfix\">\n\t\t\t\t\t\t<div class=\"service-icon-wrap\"><i class=\"fa fa-angle-double-right\"><\/i><\/div>\n\t\t\t\t\t\t\t\t\t\t\t\t<h3 class=\"service-title-wrap\">\n\t\t\t\t\t\t\t\t<a href=\"#\">\n\t\t\t\tDeutz\t\t\t\t\t\t\t\t<\/a>\n\t\t\t\t\t\t\t<\/h3>\n\t\t\t\t\t<\/div>\n\t\t\t\t<div class=\"service-content-wrap\">Deutz Trakt\u00f6r Par\u00e7alar\u0131<\/div>\n\t\t\t\t\t\t<a class=\"service-more\" href=\"#\"><\/a>\n\t\t\t<\/div>\n<\/div>\n<\/div><\/div><div id=\"pgc-643-1-1\"  class=\"panel-grid-cell\" ><div id=\"panel-643-1-1-0\" class=\"so-panel widget widget_themegrill_flash_service tg-widget tg-single-service panel-first-child\" data-index=\"3\" >\n<div class=\"tg-service-widget tg-service-layout-2\">\n\t<div class=\"service-wrapper\">\n\t\t<div class=\"service-icon-title-wrapper clearfix\">\n\t\t\t\t\t\t<div class=\"service-icon-wrap\"><i class=\"fa fa-angle-double-right\"><\/i><\/div>\n\t\t\t\t\t\t\t\t\t\t\t\t<h3 class=\"service-title-wrap\">\n\t\t\t\t\t\t\t\t<a href=\"#\">\n\t\t\t\tJohn Deer\t\t\t\t\t\t\t\t<\/a>\n\t\t\t\t\t\t\t<\/h3>\n\t\t\t\t\t<\/div>\n\t\t\t\t<div class=\"service-content-wrap\">John Deer Trakt\u00f6r Par\u00e7alar\u0131<\/div>\n\t\t\t\t\t\t<a class=\"service-more\" href=\"#\"><\/a>\n\t\t\t<\/div>\n<\/div>\n<\/div><div id=\"panel-643-1-1-1\" class=\"so-panel widget widget_themegrill_flash_service tg-widget tg-single-service panel-last-child\" data-index=\"4\" >\n<div class=\"tg-service-widget tg-service-layout-2\">\n\t<div class=\"service-wrapper\">\n\t\t<div class=\"service-icon-title-wrapper clearfix\">\n\t\t\t\t\t\t<div class=\"service-icon-wrap\"><i class=\"fa fa-angle-double-right\"><\/i><\/div>\n\t\t\t\t\t\t\t\t\t\t\t\t<h3 class=\"service-title-wrap\">\n\t\t\t\t\t\t\t\t<a href=\"#\">\n\t\t\t\tFendt\t\t\t\t\t\t\t\t<\/a>\n\t\t\t\t\t\t\t<\/h3>\n\t\t\t\t\t<\/div>\n\t\t\t\t<div class=\"service-content-wrap\">Fendt Trakt\u00f6r Par\u00e7alar\u0131<\/div>\n\t\t\t\t\t\t<a class=\"service-more\" href=\"#\"><\/a>\n\t\t\t<\/div>\n<\/div>\n<\/div><\/div><div id=\"pgc-643-1-2\"  class=\"panel-grid-cell\" ><div id=\"panel-643-1-2-0\" class=\"so-panel widget widget_themegrill_flash_service tg-widget tg-single-service panel-first-child panel-last-child\" data-index=\"5\" >\n<div class=\"tg-service-widget tg-service-layout-2\">\n\t<div class=\"service-wrapper\">\n\t\t<div class=\"service-icon-title-wrapper clearfix\">\n\t\t\t\t\t\t<div class=\"service-icon-wrap\"><i class=\"fa fa-angle-double-right\"><\/i><\/div>\n\t\t\t\t\t\t\t\t\t\t\t\t<h3 class=\"service-title-wrap\">\n\t\t\t\t\t\t\t\t<a href=\"#\">\n\t\t\t\tSame\t\t\t\t\t\t\t\t<\/a>\n\t\t\t\t\t\t\t<\/h3>\n\t\t\t\t\t<\/div>\n\t\t\t\t<div class=\"service-content-wrap\">Same Trakt\u00f6r Par\u00e7alar\u0131<\/div>\n\t\t\t\t\t\t<a class=\"service-more\" href=\"#\"><\/a>\n\t\t\t<\/div>\n<\/div>\n<\/div><\/div><\/div><\/div><div id=\"pg-643-2\"  class=\"panel-grid panel-has-style\" ><div class=\"siteorigin-panels-stretch panel-row-style panel-row-style-for-643-2\" data-stretch-type=\"full\" ><div id=\"pgc-643-2-0\"  class=\"panel-grid-cell\" ><div id=\"panel-643-2-0-0\" class=\"so-panel widget widget_themegrill_flash_heading tg-widget section-title-wrapper panel-first-child\" data-index=\"6\" >\t<h3 class=\"section-title\">FEATURE PRODUCTS<\/h3>\n\t<div class=\"section-description\">Collaboratively administrate empowered markets via plug-and-play networks. Dynamically procras tinate users.Collaboratively administrate empowered markets via plug-and-play networks. Dynamically procras tinate users.<\/div>\n<\/div><div id=\"panel-643-2-0-1\" class=\"so-panel widget widget_themegrill_flash_portfolio tg-section feature-product-section panel-last-child\" data-index=\"7\" ><div class=\"tg-feature-product-layout-1 tg-feature-product-filter-layout\"><div class=\"tg-container\"><div class=\"grid\"><div class=\"tg-column-wrapper\"><\/div><!-- \/.tg-column-wrapper--><\/div><!-- \/.grid --><\/div><!-- \/.tg-container --><\/div><!-- \/.layout div --><\/div><\/div><\/div><\/div><div id=\"pg-643-3\"  class=\"panel-grid panel-has-style\" ><div class=\"panel-row-style panel-row-style-for-643-3\" ><div id=\"pgc-643-3-0\"  class=\"panel-grid-cell panel-grid-cell-empty\" ><\/div><\/div><\/div><div id=\"pg-643-4\"  class=\"panel-grid panel-has-style\" ><div class=\"siteorigin-panels-stretch panel-row-style panel-row-style-for-643-4\" data-stretch-type=\"full\" ><div id=\"pgc-643-4-0\"  class=\"panel-grid-cell\" ><div id=\"panel-643-4-0-0\" class=\"so-panel widget widget_themegrill_flash_cta tg-widget call-to-action-section panel-first-child panel-last-child\" data-index=\"8\" ><div class=\"panel-widget-style panel-widget-style-for-643-4-0-0\" ><div class=\"cta-wrapper call-to-action-section-layout-1\">\n\t<div class=\"section-title-wrapper\">\n\t\t\t\t<h3 class=\"section-title\">THE BEST CLEAN MULTIPURPOSE THEME WITH AMAZING FEATURE<\/h3>\n\t\t\t<\/div>\n\t\t<div class=\"btn-wrapper\">\n\t\t\t\t<a class=\"btn\" href=\"#\">Learn More<\/a>\n\t\t\t\t\t\t<a class=\"btn\" href=\"#\">Download Now<\/a>\n\t\t\t<\/div>\n\t<\/div>\n<\/div><\/div><\/div><\/div><\/div><div id=\"pg-643-5\"  class=\"panel-grid panel-has-style\" ><div class=\"siteorigin-panels-stretch panel-row-style panel-row-style-for-643-5\" data-stretch-type=\"full\" ><div id=\"pgc-643-5-0\"  class=\"panel-grid-cell\" ><div id=\"panel-643-5-0-0\" class=\"so-panel widget widget_themegrill_flash_heading tg-widget section-title-wrapper panel-first-child\" data-index=\"9\" >\t<h3 class=\"section-title\">WHAT OTHERS SAY<\/h3>\n<\/div><div id=\"panel-643-5-0-1\" class=\"so-panel widget widget_themegrill_flash_testimonial tg-section testimonial-section panel-last-child\" data-index=\"10\" ><div class=\"tg-testimonial-widget\">\n\t<div class=\"testimonial-container swiper-container\">\n\t\t<div class=\"testimonial-wrapper swiper-wrapper\">\n\t\t\t\t\t\t<div class=\"testimonial-slide swiper-slide\">\n\t\t\t\t<div class=\"testimonial-content-wrapper\">\n\t\t\t\t\t<div class=\"testimonial-icon\"><i class=\"fa fa-quote-left\"><\/i> <\/div>\n\t\t\t\t\t\t\t\t\t\t<div class=\"testimonial-content\">Aenean nonummy hendrerit mau phasellu porta. Fusce suscipit varius mi sed. Cum sociis natoque penatibus et magnis dis parturient montes, nascetur ridiculus mus. Nulla dui. Fusce feugiat malesuada odio morbi. Ut viverra mauris justo, quis auctor nisi. Suspendisse sit amet diam diam, eget volutpat lacus. Vestibulum faucibus scelerisque nisl vitae\u2026<\/div>\n\t\t\t\t\t\t\t\t\t<\/div>\n\t\t\t\t<div class=\"testimonial-client-detail\">\n\t\t\t\t\t\t\t\t\t\t<div class=\"testimonial-img\"><img decoding=\"async\" src=\"https:\/\/themegrilldemos.com\/flash\/wp-content\/uploads\/sites\/6\/2017\/01\/testimonial-3.jpg\" alt=\"Mr. John Anderson\" \/><\/div>\n\t\t\t\t\t\t\t\t\t\t<div class=\"client-detail-block\">\n\t\t\t\t\t\t\t\t\t\t\t\t<h3 class=\"testimonial-title\">Mr. John Anderson<\/h3>\n\t\t\t\t\t\t\t\t\t\t\t\t\t\t\t\t\t\t<h4 class=\"testimonial-degicnation\">CEO<\/h4>\n\t\t\t\t\t\t\t\t\t\t\t<\/div>\n\t\t\t\t<\/div>\n\t\t\t<\/div>\n\t\t\t\t\t\t<div class=\"testimonial-slide swiper-slide\">\n\t\t\t\t<div class=\"testimonial-content-wrapper\">\n\t\t\t\t\t<div class=\"testimonial-icon\"><i class=\"fa fa-quote-left\"><\/i> <\/div>\n\t\t\t\t\t\t\t\t\t\t<div class=\"testimonial-content\">Aenean nonummy hendrerit mau phasellu porta. Fusce suscipit varius mi sed. Cum sociis natoque penatibus et magnis dis parturient montes, nascetur ridiculus mus. Nulla dui. Fusce feugiat malesuada odio morbi. Ut viverra mauris justo, quis auctor nisi. Suspendisse sit amet diam diam, eget volutpat lacus. Vestibulum faucibus scelerisque nisl vitae\u2026<\/div>\n\t\t\t\t\t\t\t\t\t<\/div>\n\t\t\t\t<div class=\"testimonial-client-detail\">\n\t\t\t\t\t\t\t\t\t\t<div class=\"testimonial-img\"><img decoding=\"async\" src=\"https:\/\/themegrilldemos.com\/flash\/wp-content\/uploads\/sites\/6\/2017\/01\/tetimonial.jpg\" alt=\"Martina Cliton\" \/><\/div>\n\t\t\t\t\t\t\t\t\t\t<div class=\"client-detail-block\">\n\t\t\t\t\t\t\t\t\t\t\t\t<h3 class=\"testimonial-title\">Martina Cliton<\/h3>\n\t\t\t\t\t\t\t\t\t\t\t\t\t\t\t\t\t\t<h4 class=\"testimonial-degicnation\">Designer<\/h4>\n\t\t\t\t\t\t\t\t\t\t\t<\/div>\n\t\t\t\t<\/div>\n\t\t\t<\/div>\n\t\t\t\t\t\t<div class=\"testimonial-slide swiper-slide\">\n\t\t\t\t<div class=\"testimonial-content-wrapper\">\n\t\t\t\t\t<div class=\"testimonial-icon\"><i class=\"fa fa-quote-left\"><\/i> <\/div>\n\t\t\t\t\t\t\t\t\t\t<div class=\"testimonial-content\">Aenean nonummy hendrerit mau phasellu porta. Fusce suscipit varius mi sed. Cum sociis natoque penatibus et magnis dis parturient montes, nascetur ridiculus mus. Nulla dui. Fusce feugiat malesuada odio morbi. Ut viverra mauris justo, quis auctor nisi. Suspendisse sit amet diam diam, eget volutpat lacus. Vestibulum faucibus scelerisque nisl vitae\u2026<\/div>\n\t\t\t\t\t\t\t\t\t<\/div>\n\t\t\t\t<div class=\"testimonial-client-detail\">\n\t\t\t\t\t\t\t\t\t\t<div class=\"testimonial-img\"><img decoding=\"async\" src=\"https:\/\/themegrilldemos.com\/flash\/wp-content\/uploads\/sites\/6\/2017\/01\/testimonial-2.jpg\" alt=\"Selina Roy\" \/><\/div>\n\t\t\t\t\t\t\t\t\t\t<div class=\"client-detail-block\">\n\t\t\t\t\t\t\t\t\t\t\t\t<h3 class=\"testimonial-title\">Selina Roy<\/h3>\n\t\t\t\t\t\t\t\t\t\t\t\t\t\t\t\t\t\t<h4 class=\"testimonial-degicnation\">Seo<\/h4>\n\t\t\t\t\t\t\t\t\t\t\t<\/div>\n\t\t\t\t<\/div>\n\t\t\t<\/div>\n\t\t\t\t\t<\/div>\n\t\t<div class=\"swiper-pagination testimonial-pager\"><\/div>\n\t<\/div>\n<\/div>\n<\/div><\/div><\/div><\/div><div id=\"pg-643-6\"  class=\"panel-grid panel-has-style\" ><div class=\"siteorigin-panels-stretch panel-row-style panel-row-style-for-643-6\" data-stretch-type=\"full\" ><div id=\"pgc-643-6-0\"  class=\"panel-grid-cell\" ><div id=\"panel-643-6-0-0\" class=\"so-panel widget widget_themegrill_flash_counter tg-widget tg-single-counter panel-first-child panel-last-child\" data-index=\"11\" ><div class=\"fun-facts-section\">\n\t<div class=\"tg-fun-facts-widget tg-fun-facts-layout-1\">\n\t\t<div class=\"fun-facts-wrapper\">\n\t\t\t\t\t\t<span class=\"fun-facts-icon-wrap\"><i class=\"fa fa-cog\"><\/i><\/span>\n\t\t\t\t\t\t\t\t\t<span class=\"counter-wrapper\"><span class=\"counter\">2500<\/span><i class=\"fa fa-plus\"><\/i><\/span>\n\t\t\t\t\t\t\t\t\t<h3 class=\"fun-facts-title-wrap\">Fast Support<\/h3>\n\t\t\t\t\t<\/div>\n\t<\/div>\n<\/div>\n<\/div><\/div><div id=\"pgc-643-6-1\"  class=\"panel-grid-cell\" ><div id=\"panel-643-6-1-0\" class=\"so-panel widget widget_themegrill_flash_counter tg-widget tg-single-counter panel-first-child panel-last-child\" data-index=\"12\" ><div class=\"fun-facts-section\">\n\t<div class=\"tg-fun-facts-widget tg-fun-facts-layout-1\">\n\t\t<div class=\"fun-facts-wrapper\">\n\t\t\t\t\t\t<span class=\"fun-facts-icon-wrap\"><i class=\"fa fa-cloud-download\"><\/i><\/span>\n\t\t\t\t\t\t\t\t\t<span class=\"counter-wrapper\"><span class=\"counter\">3800<\/span><i class=\"fa fa-plus\"><\/i><\/span>\n\t\t\t\t\t\t\t\t\t<h3 class=\"fun-facts-title-wrap\">Cloud Download<\/h3>\n\t\t\t\t\t<\/div>\n\t<\/div>\n<\/div>\n<\/div><\/div><div id=\"pgc-643-6-2\"  class=\"panel-grid-cell\" ><div id=\"panel-643-6-2-0\" class=\"so-panel widget widget_themegrill_flash_counter tg-widget tg-single-counter panel-first-child panel-last-child\" data-index=\"13\" ><div class=\"fun-facts-section\">\n\t<div class=\"tg-fun-facts-widget tg-fun-facts-layout-1\">\n\t\t<div class=\"fun-facts-wrapper\">\n\t\t\t\t\t\t<span class=\"fun-facts-icon-wrap\"><i class=\"fa fa-tachometer\"><\/i><\/span>\n\t\t\t\t\t\t\t\t\t<span class=\"counter-wrapper\"><span class=\"counter\">5500<\/span><i class=\"fa fa-plus\"><\/i><\/span>\n\t\t\t\t\t\t\t\t\t<h3 class=\"fun-facts-title-wrap\">Fast Loading<\/h3>\n\t\t\t\t\t<\/div>\n\t<\/div>\n<\/div>\n<\/div><\/div><div id=\"pgc-643-6-3\"  class=\"panel-grid-cell\" ><div id=\"panel-643-6-3-0\" class=\"so-panel widget widget_themegrill_flash_counter tg-widget tg-single-counter panel-first-child panel-last-child\" data-index=\"14\" ><div class=\"fun-facts-section\">\n\t<div class=\"tg-fun-facts-widget tg-fun-facts-layout-1\">\n\t\t<div class=\"fun-facts-wrapper\">\n\t\t\t\t\t\t<span class=\"fun-facts-icon-wrap\"><i class=\"fa fa-firefox\"><\/i><\/span>\n\t\t\t\t\t\t\t\t\t<span class=\"counter-wrapper\"><span class=\"counter\">110<\/span><i class=\"fa fa-plus\"><\/i><\/span>\n\t\t\t\t\t\t\t\t\t<h3 class=\"fun-facts-title-wrap\">Browser Compatible<\/h3>\n\t\t\t\t\t<\/div>\n\t<\/div>\n<\/div>\n<\/div><\/div><\/div><\/div><div id=\"pg-643-7\"  class=\"panel-grid panel-has-style\" ><div class=\"panel-row-style panel-row-style-for-643-7\" ><div id=\"pgc-643-7-0\"  class=\"panel-grid-cell panel-grid-cell-empty\" ><\/div><\/div><\/div><div id=\"pg-643-8\"  class=\"panel-grid panel-has-style\" ><div class=\"siteorigin-panels-stretch panel-row-style panel-row-style-for-643-8\" data-stretch-type=\"full\" ><div id=\"pgc-643-8-0\"  class=\"panel-grid-cell panel-grid-cell-empty\" ><\/div><\/div><\/div><div id=\"pg-643-9\"  class=\"panel-grid panel-has-style\" ><div class=\"panel-row-style panel-row-style-for-643-9\" ><div id=\"pgc-643-9-0\"  class=\"panel-grid-cell\" ><div id=\"panel-643-9-0-0\" class=\"so-panel widget widget_themegrill_flash_heading tg-widget section-title-wrapper panel-first-child\" data-index=\"15\" >\t<h3 class=\"section-title\">Markalar<\/h3>\n<\/div><div id=\"panel-643-9-0-1\" class=\"so-panel widget widget_themegrill_flash_logo tg-section client-section panel-last-child\" data-index=\"16\" ><div class=\"tg-client-widget\">\n\t<div class=\"client-container swiper-container\">\n\t\t<div class=\"client-wrapper swiper-wrapper\">\n\t\t\t\t\t<div class=\"client-slide swiper-slide\">\n\t\t\t\t<img decoding=\"async\" src=\"https:\/\/www.dogantraktor.com\/wp-content\/uploads\/2020\/10\/massey-logo.png\" alt=\"Massey Ferguson\" \/>\n\t\t\t<\/div>\n\t\t\t\t\t\t<div class=\"client-slide swiper-slide\">\n\t\t\t\t<img decoding=\"async\" src=\"https:\/\/www.dogantraktor.com\/wp-content\/uploads\/2020\/10\/jihndeer.png\" alt=\"John Deere\" \/>\n\t\t\t<\/div>\n\t\t\t\t\t\t<div class=\"client-slide swiper-slide\">\n\t\t\t\t<img decoding=\"async\" src=\"https:\/\/www.dogantraktor.com\/wp-content\/uploads\/2020\/10\/same.png\" alt=\"Same\" \/>\n\t\t\t<\/div>\n\t\t\t\t\t\t<div class=\"client-slide swiper-slide\">\n\t\t\t\t<img decoding=\"async\" src=\"https:\/\/www.dogantraktor.com\/wp-content\/uploads\/2020\/10\/deutz-1.png\" alt=\"Deutz\" \/>\n\t\t\t<\/div>\n\t\t\t\t\t\t<div class=\"client-slide swiper-slide\">\n\t\t\t\t<img decoding=\"async\" src=\"https:\/\/www.dogantraktor.com\/wp-content\/uploads\/2020\/10\/fendt.png\" alt=\"Fendt\" \/>\n\t\t\t<\/div>\n\t\t\t\t\t<\/div>\n\t<\/div>\n<\/div>\n<\/div><\/div><\/div><\/div><\/div>","protected":false},"excerpt":{"rendered":"<p>Massey Ferguson Massey Ferguson Trakt\u00f6r par\u00e7alar\u0131 READ MORE Deutz Deutz Trakt\u00f6r Par\u00e7alar\u0131 John Deer John Deer Trakt\u00f6r Par\u00e7alar\u0131 Fendt Fendt [&hellip;]<\/p>\n","protected":false},"author":1,"featured_media":0,"parent":0,"menu_order":0,"comment_status":"closed","ping_status":"closed","template":"page-templates\/pagebuilder.php","meta":{"footnotes":""},"_links":{"self":[{"href":"https:\/\/www.dogantraktor.com\/index.php?rest_route=\/wp\/v2\/pages\/643"}],"collection":[{"href":"https:\/\/www.dogantraktor.com\/index.php?rest_route=\/wp\/v2\/pages"}],"about":[{"href":"https:\/\/www.dogantraktor.com\/index.php?rest_route=\/wp\/v2\/types\/page"}],"author":[{"embeddable":true,"href":"https:\/\/www.dogantraktor.com\/index.php?rest_route=\/wp\/v2\/users\/1"}],"replies":[{"embeddable":true,"href":"https:\/\/www.dogantraktor.com\/index.php?rest_route=%2Fwp%2Fv2%2Fcomments&post=643"}],"version-history":[{"count":8,"href":"https:\/\/www.dogantraktor.com\/index.php?rest_route=\/wp\/v2\/pages\/643\/revisions"}],"predecessor-version":[{"id":825,"href":"https:\/\/www.dogantraktor.com\/index.php?rest_route=\/wp\/v2\/pages\/643\/revisions\/825"}],"wp:attachment":[{"href":"https:\/\/www.dogantraktor.com\/index.php?rest_route=%2Fwp%2Fv2%2Fmedia&parent=643"}],"curies":[{"name":"wp","href":"https:\/\/api.w.org\/{rel}","templated":true}]}}